{"id":1115,"date":"2018-05-16T13:09:34","date_gmt":"2018-05-16T10:09:34","guid":{"rendered":"https:\/\/filtripood.ee\/toode\/wolf-cwl-f-150-excellent-kangasfiltrid\/"},"modified":"2018-05-16T13:09:34","modified_gmt":"2018-05-16T10:09:34","slug":"wolf-cwl-f-150-excellent-kangasfiltrid","status":"publish","type":"product","link":"https:\/\/filtripood.ee\/ru\/toode\/wolf-cwl-f-150-excellent-kangasfiltrid\/","title":{"rendered":"Wolf  CWL-F-150 Excellent kangasfiltrid"},"content":{"rendered":"<p>Kasutame oma toodetes mitmekihilist (progresseeruvat) klaaskiud filtermaterjali, mis tagab madala r\u00f5hukao ja suure tolmukogumise v\u00f5ime. Tolmuse \u00f5hu sisenemise poolel on filtermaterjali kiud suuremad ja see pool salvestab endasse suuremaid tolmuosakesi. Sisemistes kihtides filtermaterjali kiud muutuvad v\u00e4iksemaks ja seovad endasse v\u00e4iksemaid tolmuosakesi.\u00a0 Sellised filtermaterjali omadused tagavad pika eluea ja madalamad energiakulud.<\/p>\n<p>Ventilatsiooniagregaadi kasutatavat energiat s\u00e4\u00e4stame ka originaalist suurema filtermaterjali pindala paigutamisega teie filtritesse. Suurem pindala tagab v\u00e4iksema takistuse ja seet\u00f5ttu peavad ventilaatorid \u00f5hu liigutamiseks v\u00e4hem t\u00f6\u00f6d tegema.<\/p>\n<p>Klaaskiud materjal on v\u00e4ga hea niiskuskindlusega ja sellest tulenevalt parim materjal kasutamiseks Eesti niiskes kliimas.<\/p>\n<p>&nbsp;<\/p>\n<p>Filtrid vastavad Euroopa standarditele EN 779:2012<\/p>\n<p>Tarneaeg 1 \u2013 5 t\u00f6\u00f6p\u00e4eva.<\/p>\n","protected":false},"excerpt":{"rendered":"<p>Kasutame oma toodetes mitmekihilist (progresseeruvat) klaaskiud filtermaterjali, mis tagab madala r\u00f5hukao ja suure tolmukogumise v\u00f5ime. Tolmuse \u00f5hu sisenemise poolel on filtermaterjali kiud suuremad ja see pool salvestab endasse suuremaid tolmuosakesi. Sisemistes kihtides filtermaterjali kiud muutuvad v\u00e4iksemaks ja seovad endasse v\u00e4iksemaid tolmuosakesi.\u00a0 Sellised filtermaterjali omadused tagavad pika eluea ja madalamad energiakulud. Ventilatsiooniagregaadi kasutatavat energiat s\u00e4\u00e4stame ka [&hellip;]<\/p>\n","protected":false},"featured_media":26882,"template":"","meta":[],"product_cat":[76],"product_tag":[80],"class_list":{"0":"post-1115","1":"product","2":"type-product","3":"status-publish","4":"has-post-thumbnail","6":"product_cat-wolf-ru","7":"product_tag-filter-ru","9":"first","10":"instock","11":"taxable","12":"shipping-taxable","13":"purchasable","14":"product-type-simple"},"_links":{"self":[{"href":"https:\/\/filtripood.ee\/ru\/wp-json\/wp\/v2\/product\/1115","targetHints":{"allow":["GET"]}}],"collection":[{"href":"https:\/\/filtripood.ee\/ru\/wp-json\/wp\/v2\/product"}],"about":[{"href":"https:\/\/filtripood.ee\/ru\/wp-json\/wp\/v2\/types\/product"}],"wp:featuredmedia":[{"embeddable":true,"href":"https:\/\/filtripood.ee\/ru\/wp-json\/wp\/v2\/media\/26882"}],"wp:attachment":[{"href":"https:\/\/filtripood.ee\/ru\/wp-json\/wp\/v2\/media?parent=1115"}],"wp:term":[{"taxonomy":"product_cat","embeddable":true,"href":"https:\/\/filtripood.ee\/ru\/wp-json\/wp\/v2\/product_cat?post=1115"},{"taxonomy":"product_tag","embeddable":true,"href":"https:\/\/filtripood.ee\/ru\/wp-json\/wp\/v2\/product_tag?post=1115"}],"curies":[{"name":"wp","href":"https:\/\/api.w.org\/{rel}","templated":true}]}}